{"id":67,"date":"2021-11-15T16:47:32","date_gmt":"2021-11-15T16:47:32","guid":{"rendered":"http:\/\/pa-paredes-web.c.mad.interhost.com\/?page_id=67"},"modified":"2021-11-15T18:46:19","modified_gmt":"2021-11-15T18:46:19","slug":"quienes-somos","status":"publish","type":"page","link":"https:\/\/www.atleticosparedes.com\/index.php\/quienes-somos\/","title":{"rendered":"Qui\u00e9nes somos"},"content":{"rendered":"\n<h4 class=\"has-text-color wp-block-heading\" style=\"color:#002ea3\">Quienes somos la pe\u00f1a atletica Paredes de Escalona<\/h4>\n\n\n\n<div class=\"wp-block-media-text alignwide is-stacked-on-mobile\"><figure class=\"wp-block-media-text__media\"><img loading=\"lazy\" decoding=\"async\" width=\"960\" height=\"876\" src=\"http:\/\/pa-paredes-web.c.mad.interhost.com\/wp-content\/uploads\/2021\/11\/IMG_2607.jpg\" alt=\"PA_Paredes\" class=\"wp-image-31 size-full\" srcset=\"https:\/\/www.atleticosparedes.com\/wp-content\/uploads\/2021\/11\/IMG_2607.jpg 960w, https:\/\/www.atleticosparedes.com\/wp-content\/uploads\/2021\/11\/IMG_2607-300x274.jpg 300w, https:\/\/www.atleticosparedes.com\/wp-content\/uploads\/2021\/11\/IMG_2607-768x701.jpg 768w\" sizes=\"auto, (max-width: 960px) 100vw, 960px\" \/><\/figure><div class=\"wp-block-media-text__content\">\n<p class=\"has-black-color has-text-color\">Somos la pe\u00f1a oficial n\u00ba 753 del Club Atletico de Madrid y nos llamamos PE\u00d1A ATLETICA PAREDES DE ESCALONA.<\/p>\n\n\n\n<p class=\"has-black-color has-text-color\">Somos un grupo de socios y aficionados del Atletico de Madrid que vivimos y visitamos la localidad de PAREDES DE ESCALONA (Toledo)<\/p>\n\n\n\n<p class=\"has-black-color has-text-color\">Actualmente somos 70 socios en la pe\u00f1a, de los cuales 48 son socios del club Atletico de Madrid.<\/p>\n<\/div><\/div>\n\n\n\n<div style=\"height:100px\" aria-hidden=\"true\" class=\"wp-block-spacer\"><\/div>\n\n\n<ul>\n<li style=\"text-align: left;\"><strong>Los datos estad\u00edsticos de los pe\u00f1istas son:<\/strong><\/li>\n<\/ul>\n\n\n<div class=\"wp-block-columns is-layout-flex wp-container-core-columns-is-layout-9d6595d7 wp-block-columns-is-layout-flex\">\n<div class=\"wp-block-column is-layout-flow wp-block-column-is-layout-flow\" style=\"flex-basis:100%\">\n<figure class=\"wp-block-table is-style-stripes\"><table><tbody><tr><td class=\"has-text-align-left\" data-align=\"left\">Menores de 18 a\u00f1os<\/td><td class=\"has-text-align-right\" data-align=\"right\">                  20<\/td><\/tr><tr><td class=\"has-text-align-left\" data-align=\"left\">Mayores de 18 a\u00f1os<\/td><td class=\"has-text-align-right\" data-align=\"right\">                  50<\/td><\/tr><tr><td class=\"has-text-align-left\" data-align=\"left\">Mujeres<\/td><td class=\"has-text-align-right\" data-align=\"right\">                  16<\/td><\/tr><tr><td class=\"has-text-align-left\" data-align=\"left\">Hombres <\/td><td class=\"has-text-align-right\" data-align=\"right\">                  54<\/td><\/tr><\/tbody><\/table><\/figure>\n<\/div>\n<\/div>\n\n\n\n<div class=\"wp-block-group\"><div class=\"wp-block-group__inner-container is-layout-flow wp-block-group-is-layout-flow\"><\/div><\/div>\n\n\n\n<ul class=\"has-black-color has-text-color wp-block-list\"><li><strong>Nos solemos juntar antes de los partidos<\/strong> enfrente de la puerta 30 del Metropolitano<\/li><\/ul>\n\n\n\n<p class=\"has-black-color has-text-color\">Tambien celebramos una comida anual con todos los socios.<\/p>\n\n\n\n<p><\/p>\n\n\n\n<ul class=\"has-black-color has-text-color wp-block-list\"><li><strong>Estamos en los diferentes medios sociales.<\/strong><\/li><\/ul>\n\n\n\n<div class=\"wp-block-columns is-layout-flex wp-container-core-columns-is-layout-9d6595d7 wp-block-columns-is-layout-flex\">\n<div class=\"wp-block-column is-layout-flow wp-block-column-is-layout-flow\">\n<ul class=\"wp-block-social-links is-layout-flex wp-block-social-links-is-layout-flex\"><li class=\"wp-social-link wp-social-link-facebook  wp-block-social-link\"><a href=\"https:\/\/www.facebook.com\/atleticosparedes\/\" class=\"wp-block-social-link-anchor\"><svg width=\"24\" height=\"24\" viewBox=\"0 0 24 24\" version=\"1.1\" xmlns=\"http:\/\/www.w3.org\/2000\/svg\" aria-hidden=\"true\" focusable=\"false\"><path d=\"M12 2C6.5 2 2 6.5 2 12c0 5 3.7 9.1 8.4 9.9v-7H7.9V12h2.5V9.8c0-2.5 1.5-3.9 3.8-3.9 1.1 0 2.2.2 2.2.2v2.5h-1.3c-1.2 0-1.6.8-1.6 1.6V12h2.8l-.4 2.9h-2.3v7C18.3 21.1 22 17 22 12c0-5.5-4.5-10-10-10z\"><\/path><\/svg><span class=\"wp-block-social-link-label screen-reader-text\">Facebook<\/span><\/a><\/li><\/ul>\n\n\n\n<p>P\u00e1gina en Facebook: <a href=\"http:\/\/www.facebook.com\/atleticosparedes\/\">www.facebook.com\/atleticosparedes\/<\/a><\/p>\n\n\n\n<ul class=\"wp-block-social-links is-layout-flex wp-block-social-links-is-layout-flex\"><li class=\"wp-social-link wp-social-link-twitter  wp-block-social-link\"><a href=\"https:\/\/www.twitter.com\/atleticoparedes\u00a0\" class=\"wp-block-social-link-anchor\"><svg width=\"24\" height=\"24\" viewBox=\"0 0 24 24\" version=\"1.1\" xmlns=\"http:\/\/www.w3.org\/2000\/svg\" aria-hidden=\"true\" focusable=\"false\"><path d=\"M22.23,5.924c-0.736,0.326-1.527,0.547-2.357,0.646c0.847-0.508,1.498-1.312,1.804-2.27 c-0.793,0.47-1.671,0.812-2.606,0.996C18.324,4.498,17.257,4,16.077,4c-2.266,0-4.103,1.837-4.103,4.103 c0,0.322,0.036,0.635,0.106,0.935C8.67,8.867,5.647,7.234,3.623,4.751C3.27,5.357,3.067,6.062,3.067,6.814 c0,1.424,0.724,2.679,1.825,3.415c-0.673-0.021-1.305-0.206-1.859-0.513c0,0.017,0,0.034,0,0.052c0,1.988,1.414,3.647,3.292,4.023 c-0.344,0.094-0.707,0.144-1.081,0.144c-0.264,0-0.521-0.026-0.772-0.074c0.522,1.63,2.038,2.816,3.833,2.85 c-1.404,1.1-3.174,1.756-5.096,1.756c-0.331,0-0.658-0.019-0.979-0.057c1.816,1.164,3.973,1.843,6.29,1.843 c7.547,0,11.675-6.252,11.675-11.675c0-0.178-0.004-0.355-0.012-0.531C20.985,7.47,21.68,6.747,22.23,5.924z\"><\/path><\/svg><span class=\"wp-block-social-link-label screen-reader-text\">Twitter<\/span><\/a><\/li><\/ul>\n\n\n\n<p>Twitter: <a href=\"https:\/\/twitter.com\/atleticoparedes\">www.twitter.com\/atleticoparedes<\/a>&nbsp;<\/p>\n\n\n\n<p>&nbsp; &nbsp; &nbsp; &nbsp; &nbsp; &nbsp; @atleticoparedes&nbsp; &nbsp;<\/p>\n<\/div>\n\n\n\n<div class=\"wp-block-column is-layout-flow wp-block-column-is-layout-flow\">\n<p>Mail: <a href=\"mailto:atleticosparedes@gmail.com\">atleticosparedes<\/a>@<a href=\"mailto:atleticosparedes@gmail.com\">gmail.com<\/a><\/p>\n\n\n\n<p>&nbsp; &nbsp; &nbsp; &nbsp; i<a href=\"mailto:info@atleticosparedes.com\">nfo@atleticosparedes.com<\/a><\/p>\n\n\n\n<ul class=\"wp-block-social-links is-layout-flex wp-block-social-links-is-layout-flex\"><li class=\"wp-social-link wp-social-link-instagram  wp-block-social-link\"><a href=\"https:\/\/www.instagram.com\/atleticosparedes\/\u00a0\" class=\"wp-block-social-link-anchor\"><svg width=\"24\" height=\"24\" viewBox=\"0 0 24 24\" version=\"1.1\" xmlns=\"http:\/\/www.w3.org\/2000\/svg\" aria-hidden=\"true\" focusable=\"false\"><path d=\"M12,4.622c2.403,0,2.688,0.009,3.637,0.052c0.877,0.04,1.354,0.187,1.671,0.31c0.42,0.163,0.72,0.358,1.035,0.673 c0.315,0.315,0.51,0.615,0.673,1.035c0.123,0.317,0.27,0.794,0.31,1.671c0.043,0.949,0.052,1.234,0.052,3.637 s-0.009,2.688-0.052,3.637c-0.04,0.877-0.187,1.354-0.31,1.671c-0.163,0.42-0.358,0.72-0.673,1.035 c-0.315,0.315-0.615,0.51-1.035,0.673c-0.317,0.123-0.794,0.27-1.671,0.31c-0.949,0.043-1.233,0.052-3.637,0.052 s-2.688-0.009-3.637-0.052c-0.877-0.04-1.354-0.187-1.671-0.31c-0.42-0.163-0.72-0.358-1.035-0.673 c-0.315-0.315-0.51-0.615-0.673-1.035c-0.123-0.317-0.27-0.794-0.31-1.671C4.631,14.688,4.622,14.403,4.622,12 s0.009-2.688,0.052-3.637c0.04-0.877,0.187-1.354,0.31-1.671c0.163-0.42,0.358-0.72,0.673-1.035 c0.315-0.315,0.615-0.51,1.035-0.673c0.317-0.123,0.794-0.27,1.671-0.31C9.312,4.631,9.597,4.622,12,4.622 M12,3 C9.556,3,9.249,3.01,8.289,3.054C7.331,3.098,6.677,3.25,6.105,3.472C5.513,3.702,5.011,4.01,4.511,4.511 c-0.5,0.5-0.808,1.002-1.038,1.594C3.25,6.677,3.098,7.331,3.054,8.289C3.01,9.249,3,9.556,3,12c0,2.444,0.01,2.751,0.054,3.711 c0.044,0.958,0.196,1.612,0.418,2.185c0.23,0.592,0.538,1.094,1.038,1.594c0.5,0.5,1.002,0.808,1.594,1.038 c0.572,0.222,1.227,0.375,2.185,0.418C9.249,20.99,9.556,21,12,21s2.751-0.01,3.711-0.054c0.958-0.044,1.612-0.196,2.185-0.418 c0.592-0.23,1.094-0.538,1.594-1.038c0.5-0.5,0.808-1.002,1.038-1.594c0.222-0.572,0.375-1.227,0.418-2.185 C20.99,14.751,21,14.444,21,12s-0.01-2.751-0.054-3.711c-0.044-0.958-0.196-1.612-0.418-2.185c-0.23-0.592-0.538-1.094-1.038-1.594 c-0.5-0.5-1.002-0.808-1.594-1.038c-0.572-0.222-1.227-0.375-2.185-0.418C14.751,3.01,14.444,3,12,3L12,3z M12,7.378 c-2.552,0-4.622,2.069-4.622,4.622S9.448,16.622,12,16.622s4.622-2.069,4.622-4.622S14.552,7.378,12,7.378z M12,15 c-1.657,0-3-1.343-3-3s1.343-3,3-3s3,1.343,3,3S13.657,15,12,15z M16.804,6.116c-0.596,0-1.08,0.484-1.08,1.08 s0.484,1.08,1.08,1.08c0.596,0,1.08-0.484,1.08-1.08S17.401,6.116,16.804,6.116z\"><\/path><\/svg><span class=\"wp-block-social-link-label screen-reader-text\">Instagram<\/span><\/a><\/li><\/ul>\n\n\n\n<p>Instagram:&nbsp;<a href=\"http:\/\/www.instagram.com\/atleticosparedes\/\">www.instagram.com\/atleticosparedes\/&nbsp;<\/a><\/p>\n\n\n\n<p>&nbsp; &nbsp; &nbsp; &nbsp; &nbsp; &nbsp; &nbsp; &nbsp; &nbsp;@atleticosparedes<\/p>\n<\/div>\n<\/div>\n\n\n\n<p><\/p>\n\n\n\n<p><\/p>\n\n\n\n<ul class=\"has-black-color has-text-color wp-block-list\"><li><strong>Informacion sobre Paredes de Escalona:<\/strong><\/li><\/ul>\n\n\n\n<div class=\"wp-block-columns is-layout-flex wp-container-core-columns-is-layout-9d6595d7 wp-block-columns-is-layout-flex\">\n<div class=\"wp-block-column is-layout-flow wp-block-column-is-layout-flow\">\n<div class=\"wp-block-group alignwide\"><div class=\"wp-block-group__inner-container is-layout-flow wp-block-group-is-layout-flow\">\n<p class=\"has-text-align-left has-black-color has-text-color\">Provincia de Toledo<\/p>\n\n\n\n<p class=\"has-text-align-left has-black-color has-text-color\">Comunidad de Castilla la Mancha<\/p>\n\n\n\n<p class=\"has-text-align-left has-black-color has-text-color\">Superficie 25 km2, Altitud: 490m<\/p>\n\n\n\n<p class=\"has-text-align-left has-black-color has-text-color\">Habitantes empadronados (2014): 158<\/p>\n\n\n\n<p class=\"has-text-align-left has-black-color has-text-color\">Habitantes en los meses de verano 500 (cifra aproximada)<\/p>\n<\/div><\/div>\n<\/div>\n\n\n\n<div class=\"wp-block-column is-layout-flow wp-block-column-is-layout-flow\">\n<p class=\"has-text-align-left has-text-color\" style=\"color:#002ea3\"><strong><em>Paginas web relacionadas con Paredes<\/em><\/strong><\/p>\n\n\n\n<p class=\"has-text-align-left has-black-color has-text-color\"><a href=\"http:\/\/www.paredesdeescalona.com\">www.paredesdeescalona.com<\/a>&nbsp;(Pagina no oficial)<\/p>\n\n\n\n<p class=\"has-text-align-left\"><a href=\"http:\/\/www.caminandoporparedes.com\">www.caminandoporparedes.com<\/a><\/p>\n\n\n\n<p class=\"has-text-align-left\"><a href=\"http:\/\/www.lavaquilladeparedes.com\">www.vaquillaparedes.com<\/a><\/p>\n<\/div>\n<\/div>\n\n\n\n<ul class=\"has-black-color has-text-color wp-block-list\"><li>Tambien <strong>estamos adheridos a la UNI\u00d3N Internacional de pe\u00f1as del Atletico de Madrid<\/strong> (<a href=\"http:\/\/www.unionatm.es\">www.unionatm.es<\/a>) y formamos parte del proyecto de UNI\u00d3N entre las diferentes pe\u00f1as del @atleti<\/li><\/ul>\n\n\n\n<div style=\"height:100px\" aria-hidden=\"true\" class=\"wp-block-spacer\"><\/div>\n\n\n\n<div class=\"wp-block-columns is-layout-flex wp-container-core-columns-is-layout-9d6595d7 wp-block-columns-is-layout-flex\">\n<div class=\"wp-block-column is-layout-flow wp-block-column-is-layout-flow\">\n<h4 class=\"has-text-color wp-block-heading\" style=\"color:#002ea3\">Nuestro primer escudo<\/h4>\n\n\n\n<div class=\"wp-block-media-text alignwide is-stacked-on-mobile\"><figure class=\"wp-block-media-text__media\"><img loading=\"lazy\" decoding=\"async\" width=\"280\" height=\"450\" src=\"http:\/\/pa-paredes-web.c.mad.interhost.com\/wp-content\/uploads\/2021\/11\/280_0_4689939_154672.jpg\" alt=\"\" class=\"wp-image-95 size-full\" srcset=\"https:\/\/www.atleticosparedes.com\/wp-content\/uploads\/2021\/11\/280_0_4689939_154672.jpg 280w, https:\/\/www.atleticosparedes.com\/wp-content\/uploads\/2021\/11\/280_0_4689939_154672-187x300.jpg 187w\" sizes=\"auto, (max-width: 280px) 100vw, 280px\" \/><\/figure><div class=\"wp-block-media-text__content\">\n<p class=\"has-black-color has-text-color\">Este ha sido nuestro primer escudo en nuestro primer a\u00f1o de vida.<\/p>\n\n\n\n<p class=\"has-black-color has-text-color\">Dise\u00f1ado por Marta Naval Garcia, es una mezcla del clasico escudo del atletico de madrid cambiando el oso y el madro\u00f1o de la ciudad de madrid por el escudo del municipio de Paredes de Escalona.<\/p>\n<\/div><\/div>\n<\/div>\n\n\n\n<div class=\"wp-block-column is-layout-flow wp-block-column-is-layout-flow\">\n<h4 class=\"has-text-color wp-block-heading\" style=\"color:#002ea3\">Nuestro diploma<\/h4>\n\n\n\n<div class=\"wp-block-columns is-layout-flex wp-container-core-columns-is-layout-9d6595d7 wp-block-columns-is-layout-flex\">\n<div class=\"wp-block-column is-layout-flow wp-block-column-is-layout-flow\" style=\"flex-basis:100%\">\n<div class=\"wp-block-group alignwide\"><div class=\"wp-block-group__inner-container is-layout-flow wp-block-group-is-layout-flow\">\n<figure class=\"wp-block-image size-large is-resized\"><img loading=\"lazy\" decoding=\"async\" src=\"http:\/\/pa-paredes-web.c.mad.interhost.com\/wp-content\/uploads\/2021\/11\/IMG_2623-1024x724.jpg\" alt=\"Diploma\" class=\"wp-image-99\" width=\"404\" height=\"285\" srcset=\"https:\/\/www.atleticosparedes.com\/wp-content\/uploads\/2021\/11\/IMG_2623-1024x724.jpg 1024w, https:\/\/www.atleticosparedes.com\/wp-content\/uploads\/2021\/11\/IMG_2623-300x212.jpg 300w, https:\/\/www.atleticosparedes.com\/wp-content\/uploads\/2021\/11\/IMG_2623-768x543.jpg 768w, https:\/\/www.atleticosparedes.com\/wp-content\/uploads\/2021\/11\/IMG_2623-1536x1086.jpg 1536w, https:\/\/www.atleticosparedes.com\/wp-content\/uploads\/2021\/11\/IMG_2623.jpg 2048w\" sizes=\"auto, (max-width: 404px) 100vw, 404px\" \/><\/figure>\n\n\n\n<p class=\"has-black-color has-text-color\">Nuestro diploma que nos acreadita como pe\u00f1a oficial del Atletico de Madrid con el nombre de \u00abPe\u00f1a Atletica Paredes de Escalona\u00bb.<br>Entregada por el presidente del club Enrique Cerezo a los miembros de nuestra junta Pedro Gonzalez y Raul Pardeiro en octubre del 2016.<\/p>\n<\/div><\/div>\n<\/div>\n<\/div>\n<\/div>\n<\/div>\n\n\n\n<div class=\"wp-block-columns is-layout-flex wp-container-core-columns-is-layout-9d6595d7 wp-block-columns-is-layout-flex\">\n<div class=\"wp-block-column is-layout-flow wp-block-column-is-layout-flow\">\n<div class=\"wp-block-columns is-layout-flex wp-container-core-columns-is-layout-9d6595d7 wp-block-columns-is-layout-flex\">\n<div class=\"wp-block-column is-layout-flow wp-block-column-is-layout-flow\">\n<h4 class=\"has-text-color wp-block-heading\" style=\"color:#002ea3\">Nuestra vi\u00f1eta<\/h4>\n\n\n\n<figure class=\"wp-block-image size-full is-resized\"><img loading=\"lazy\" decoding=\"async\" src=\"http:\/\/pa-paredes-web.c.mad.interhost.com\/wp-content\/uploads\/2021\/11\/280_0_4689941_154672.jpg\" alt=\"Vi\u00f1eta\" class=\"wp-image-102\" width=\"349\" height=\"240\"\/><\/figure>\n\n\n\n<p class=\"has-black-color has-text-color\">Vi\u00f1eta dedicada a la pe\u00f1a por parte de Jorge Crespo Cano, con motivo de la comida de inaguraci\u00f3n de la pe\u00f1a en noviembre de 2016.<\/p>\n<\/div>\n\n\n\n<div class=\"wp-block-column is-layout-flow wp-block-column-is-layout-flow\">\n<h4 class=\"has-text-color wp-block-heading\" style=\"color:#002ea3\">Imagen corporativa<\/h4>\n\n\n\n<div class=\"wp-block-media-text alignwide is-stacked-on-mobile has-black-color has-text-color\"><figure class=\"wp-block-media-text__media\"><img loading=\"lazy\" decoding=\"async\" width=\"601\" height=\"1024\" src=\"http:\/\/pa-paredes-web.c.mad.interhost.com\/wp-content\/uploads\/2021\/11\/IMG_2619-1-601x1024.jpg\" alt=\"\" class=\"wp-image-103 size-full\" srcset=\"https:\/\/www.atleticosparedes.com\/wp-content\/uploads\/2021\/11\/IMG_2619-1-601x1024.jpg 601w, https:\/\/www.atleticosparedes.com\/wp-content\/uploads\/2021\/11\/IMG_2619-1-176x300.jpg 176w, https:\/\/www.atleticosparedes.com\/wp-content\/uploads\/2021\/11\/IMG_2619-1-768x1310.jpg 768w, https:\/\/www.atleticosparedes.com\/wp-content\/uploads\/2021\/11\/IMG_2619-1-901x1536.jpg 901w, https:\/\/www.atleticosparedes.com\/wp-content\/uploads\/2021\/11\/IMG_2619-1.jpg 1201w\" sizes=\"auto, (max-width: 601px) 100vw, 601px\" \/><\/figure><div class=\"wp-block-media-text__content\">\n<p>Presentamos nuestra imagen corporativa.<\/p>\n\n\n\n<p>A\u00f1adimos a nuestro escudo la silueta del rollo de Paredes.<\/p>\n\n\n\n<p>El rollo es el referente civil mas importante de Paredes, data de 1.793 y simboliza el villazgo de Paredes de Escalona (aunque realmente este es de 1.635)<\/p>\n\n\n\n<p>Fuente:&nbsp;www.caminandoporparedes.com<\/p>\n\n\n\n<p>Nuestro imagen ha sido dise\u00f1ada por Sara Garcia Ruiz @saragaruiz<\/p>\n<\/div><\/div>\n<\/div>\n<\/div>\n<\/div>\n<\/div>\n\n\n\n<div class=\"wp-block-columns is-layout-flex wp-container-core-columns-is-layout-9d6595d7 wp-block-columns-is-layout-flex\">\n<div class=\"wp-block-column is-layout-flow wp-block-column-is-layout-flow\"><\/div>\n<\/div>\n\n\n\n<p><\/p>\n","protected":false},"excerpt":{"rendered":"<p>Quienes somos la pe\u00f1a atletica Paredes de Escalona Somos la pe\u00f1a oficial n\u00ba 753 del Club Atletico de Madrid y nos llamamos PE\u00d1A ATLETICA PAREDES DE ESCALONA. Somos un grupo de socios y aficionados del Atletico de Madrid que vivimos y visitamos la localidad de PAREDES DE ESCALONA (Toledo) Actualmente somos 70 socios en la [&hellip;]<\/p>\n","protected":false},"author":1,"featured_media":0,"parent":0,"menu_order":0,"comment_status":"closed","ping_status":"closed","template":"","meta":{"ngg_post_thumbnail":0,"footnotes":""},"class_list":["post-67","page","type-page","status-publish","hentry"],"_links":{"self":[{"href":"https:\/\/www.atleticosparedes.com\/index.php\/wp-json\/wp\/v2\/pages\/67","targetHints":{"allow":["GET"]}}],"collection":[{"href":"https:\/\/www.atleticosparedes.com\/index.php\/wp-json\/wp\/v2\/pages"}],"about":[{"href":"https:\/\/www.atleticosparedes.com\/index.php\/wp-json\/wp\/v2\/types\/page"}],"author":[{"embeddable":true,"href":"https:\/\/www.atleticosparedes.com\/index.php\/wp-json\/wp\/v2\/users\/1"}],"replies":[{"embeddable":true,"href":"https:\/\/www.atleticosparedes.com\/index.php\/wp-json\/wp\/v2\/comments?post=67"}],"version-history":[{"count":38,"href":"https:\/\/www.atleticosparedes.com\/index.php\/wp-json\/wp\/v2\/pages\/67\/revisions"}],"predecessor-version":[{"id":124,"href":"https:\/\/www.atleticosparedes.com\/index.php\/wp-json\/wp\/v2\/pages\/67\/revisions\/124"}],"wp:attachment":[{"href":"https:\/\/www.atleticosparedes.com\/index.php\/wp-json\/wp\/v2\/media?parent=67"}],"curies":[{"name":"wp","href":"https:\/\/api.w.org\/{rel}","templated":true}]}}