{"id":30,"date":"2021-11-12T14:52:08","date_gmt":"2021-11-12T14:52:08","guid":{"rendered":"http:\/\/pa-paredes-web.c.mad.interhost.com\/?page_id=30"},"modified":"2021-11-17T16:45:02","modified_gmt":"2021-11-17T16:45:02","slug":"p-a-paredes-de-escalona","status":"publish","type":"page","link":"https:\/\/www.atleticosparedes.com\/","title":{"rendered":"P. A. Paredes de Escalona"},"content":{"rendered":"\n<p><\/p>\n\n\n\n<h4 class=\"has-text-color wp-block-heading\" style=\"color:#002ea3\">Bienvenidos a nuestra p\u00e1gina web<\/h4>\n\n\n\n<div class=\"wp-block-media-text alignwide is-stacked-on-mobile has-black-color has-text-color\"><figure class=\"wp-block-media-text__media\"><img loading=\"lazy\" decoding=\"async\" width=\"960\" height=\"876\" src=\"http:\/\/pa-paredes-web.c.mad.interhost.com\/wp-content\/uploads\/2021\/11\/IMG_2607-1.jpg\" alt=\"\" class=\"wp-image-32 size-full\" srcset=\"https:\/\/www.atleticosparedes.com\/wp-content\/uploads\/2021\/11\/IMG_2607-1.jpg 960w, https:\/\/www.atleticosparedes.com\/wp-content\/uploads\/2021\/11\/IMG_2607-1-300x274.jpg 300w, https:\/\/www.atleticosparedes.com\/wp-content\/uploads\/2021\/11\/IMG_2607-1-768x701.jpg 768w\" sizes=\"auto, (max-width: 960px) 100vw, 960px\" \/><\/figure><div class=\"wp-block-media-text__content\">\n<h5 class=\"wp-block-heading\">Bienvenidos a la pe\u00f1a oficial n\u00famero 753 del club Atl\u00e9tico de Madrid. LA PE\u00d1A ATLETICA PAREDES DE ESCALONA.<\/h5>\n\n\n\n<h5 class=\"wp-block-heading\">Esta pe\u00f1a re\u00fane a los aficionados del Atl\u00e9tico de Madrid de la poblaci\u00f3n de Paredes de Escalona (Toledo)<\/h5>\n<\/div><\/div>\n\n\n\n<p><\/p>\n\n\n\n<div style=\"height:100px\" aria-hidden=\"true\" class=\"wp-block-spacer\"><\/div>\n\n\n\n<div class=\"wp-block-group\"><div class=\"wp-block-group__inner-container is-layout-flow wp-block-group-is-layout-flow\">\n<h3 class=\"wp-block-heading\"> <\/h3>\n\n\n\n<div class=\"wp-block-columns is-layout-flex wp-container-core-columns-is-layout-9d6595d7 wp-block-columns-is-layout-flex\">\n<div class=\"wp-block-column is-layout-flow wp-block-column-is-layout-flow\" style=\"flex-basis:100%\">\n<div class=\"wp-block-columns alignwide is-layout-flex wp-container-core-columns-is-layout-9d6595d7 wp-block-columns-is-layout-flex\">\n<div class=\"wp-block-column is-layout-flow wp-block-column-is-layout-flow\" style=\"flex-basis:100%\">\n<div class=\"wp-block-columns alignwide are-vertically-aligned-top is-layout-flex wp-container-core-columns-is-layout-9d6595d7 wp-block-columns-is-layout-flex\">\n<div class=\"wp-block-column is-vertically-aligned-top is-layout-flow wp-block-column-is-layout-flow\">\n<h3 class=\"has-text-color wp-block-heading\" style=\"color:#002ea3\">Nuestro nuevo escudo 2.0&#8230;<\/h3>\n\n\n\n<figure class=\"wp-block-image size-full\"><img loading=\"lazy\" decoding=\"async\" width=\"325\" height=\"325\" src=\"http:\/\/www.atleticosparedes.com\/wp-content\/uploads\/2021\/11\/escudo.png\" alt=\"escudo-v2.0\" class=\"wp-image-51\" srcset=\"https:\/\/www.atleticosparedes.com\/wp-content\/uploads\/2021\/11\/escudo.png 325w, https:\/\/www.atleticosparedes.com\/wp-content\/uploads\/2021\/11\/escudo-300x300.png 300w, https:\/\/www.atleticosparedes.com\/wp-content\/uploads\/2021\/11\/escudo-150x150.png 150w\" sizes=\"auto, (max-width: 325px) 100vw, 325px\" \/><\/figure>\n\n\n\n<p class=\"has-black-color has-text-color\">Cambia y evoluciona el club y cambiamos y evolucionamos nosotros.&nbsp;<\/p>\n\n\n\n<p class=\"has-black-color has-text-color\">Con motivo del re-dise\u00f1o del Atletico de Madrid de su escudo para la inauguraci\u00f3n del nuevo estadio Wanda Metropolitano, aprovechamos tambi\u00e9n para evolucionar nuestro escudo bas\u00e1ndonos en el nuevo dise\u00f1o que ha hecho el club.&nbsp;<\/p>\n\n\n\n<p class=\"has-black-color has-text-color\">Dise\u00f1o realizado por Sara Garcia Ruiz<\/p>\n<\/div>\n\n\n\n<div class=\"wp-block-column is-vertically-aligned-top is-layout-flow wp-block-column-is-layout-flow\">\n<h3 class=\"has-text-color wp-block-heading\" style=\"color:#002ea3\">Estamos ADHERIDOS a la UNI\u00d3N Internacional de Pe\u00f1as del Atl\u00e9tico de Madrid<\/h3>\n\n\n\n<figure class=\"wp-block-image size-full\"><img loading=\"lazy\" decoding=\"async\" width=\"325\" height=\"223\" src=\"http:\/\/www.atleticosparedes.com\/wp-content\/uploads\/2021\/11\/union_penias.jpg\" alt=\"Union ATM\" class=\"wp-image-358\" srcset=\"https:\/\/www.atleticosparedes.com\/wp-content\/uploads\/2021\/11\/union_penias.jpg 325w, https:\/\/www.atleticosparedes.com\/wp-content\/uploads\/2021\/11\/union_penias-300x206.jpg 300w\" sizes=\"auto, (max-width: 325px) 100vw, 325px\" \/><\/figure>\n\n\n\n<p class=\"has-black-color has-text-color\"> Nuestra pe\u00f1a est\u00e1 adherida a la UNION INTERNACIONAL DE PE\u00d1AS DEL ATLETICO DE MADRID (www.unionatm.es) y nos sentimos muy orgullosos de participar en este proyecto, ya que adem\u00e1s un miembro de nuestra junta directiva tambi\u00e9n forma para de la junta directiva de la UNION.<\/p>\n\n\n\n<p class=\"has-black-color has-text-color\">Paredes con las pe\u00f1as de nuestro @atleti.<\/p>\n<\/div>\n\n\n\n<div class=\"wp-block-column is-vertically-aligned-top is-layout-flow wp-block-column-is-layout-flow\">\n<h3 class=\"has-text-color wp-block-heading\" style=\"color:#002ea3\">Nuestro futuro&#8230;<\/h3>\n\n\n\n<figure class=\"wp-block-image size-full is-resized\"><img loading=\"lazy\" decoding=\"async\" src=\"http:\/\/www.atleticosparedes.com\/wp-content\/uploads\/2021\/11\/futuro.jpg\" alt=\"futuro\" class=\"wp-image-359\" width=\"198\" height=\"308\" srcset=\"https:\/\/www.atleticosparedes.com\/wp-content\/uploads\/2021\/11\/futuro.jpg 208w, https:\/\/www.atleticosparedes.com\/wp-content\/uploads\/2021\/11\/futuro-192x300.jpg 192w\" sizes=\"auto, (max-width: 198px) 100vw, 198px\" \/><\/figure>\n\n\n\n<p class=\"has-black-color has-text-color\">Aqu\u00ed est\u00e1 nuestro futuro como club de f\u00fatbol y como pe\u00f1a.<\/p>\n\n\n\n<p class=\"has-black-color has-text-color\">Algunos de nuestros ni\u00f1os socios de la pe\u00f1a con nuestra simp\u00e1tica mascota del atleti INDI.&nbsp;<\/p>\n<\/div>\n\n\n\n<div class=\"wp-block-column is-vertically-aligned-top is-layout-flow wp-block-column-is-layout-flow\">\n<h3 class=\"has-text-color wp-block-heading\" style=\"color:#002ea3\">Nueva zona PrePartido en el Metropolitano<\/h3>\n\n\n\n<figure class=\"wp-block-image size-full is-resized\"><img loading=\"lazy\" decoding=\"async\" src=\"https:\/\/www.atleticosparedes.com\/wp-content\/uploads\/2021\/11\/Prepartido.jpg\" alt=\"Prepartido\" class=\"wp-image-360\" width=\"193\" height=\"101\" srcset=\"https:\/\/www.atleticosparedes.com\/wp-content\/uploads\/2021\/11\/Prepartido.jpg 325w, https:\/\/www.atleticosparedes.com\/wp-content\/uploads\/2021\/11\/Prepartido-300x157.jpg 300w\" sizes=\"auto, (max-width: 193px) 100vw, 193px\" \/><\/figure>\n\n\n\n<p class=\"has-black-color has-text-color\">Antes de los partidos nos juntamos enfrente de la puerta 30 del Metropolitano.<\/p>\n\n\n\n<p class=\"has-black-color has-text-color\">Alli nos encontrareis.<\/p>\n<\/div>\n<\/div>\n<\/div>\n<\/div>\n<\/div>\n<\/div>\n<\/div><\/div>\n\n\n\n<p><\/p>\n","protected":false},"excerpt":{"rendered":"<p>Bienvenidos a nuestra p\u00e1gina web Bienvenidos a la pe\u00f1a oficial n\u00famero 753 del club Atl\u00e9tico de Madrid. LA PE\u00d1A ATLETICA PAREDES DE ESCALONA. Esta pe\u00f1a re\u00fane a los aficionados del Atl\u00e9tico de Madrid de la poblaci\u00f3n de Paredes de Escalona (Toledo) Nuestro nuevo escudo 2.0&#8230; Cambia y evoluciona el club y cambiamos y evolucionamos nosotros.&nbsp; [&hellip;]<\/p>\n","protected":false},"author":1,"featured_media":0,"parent":0,"menu_order":0,"comment_status":"closed","ping_status":"closed","template":"","meta":{"ngg_post_thumbnail":0,"footnotes":""},"class_list":["post-30","page","type-page","status-publish","hentry"],"_links":{"self":[{"href":"https:\/\/www.atleticosparedes.com\/index.php\/wp-json\/wp\/v2\/pages\/30","targetHints":{"allow":["GET"]}}],"collection":[{"href":"https:\/\/www.atleticosparedes.com\/index.php\/wp-json\/wp\/v2\/pages"}],"about":[{"href":"https:\/\/www.atleticosparedes.com\/index.php\/wp-json\/wp\/v2\/types\/page"}],"author":[{"embeddable":true,"href":"https:\/\/www.atleticosparedes.com\/index.php\/wp-json\/wp\/v2\/users\/1"}],"replies":[{"embeddable":true,"href":"https:\/\/www.atleticosparedes.com\/index.php\/wp-json\/wp\/v2\/comments?post=30"}],"version-history":[{"count":22,"href":"https:\/\/www.atleticosparedes.com\/index.php\/wp-json\/wp\/v2\/pages\/30\/revisions"}],"predecessor-version":[{"id":365,"href":"https:\/\/www.atleticosparedes.com\/index.php\/wp-json\/wp\/v2\/pages\/30\/revisions\/365"}],"wp:attachment":[{"href":"https:\/\/www.atleticosparedes.com\/index.php\/wp-json\/wp\/v2\/media?parent=30"}],"curies":[{"name":"wp","href":"https:\/\/api.w.org\/{rel}","templated":true}]}}